{"id":8,"date":"2020-01-03T01:46:43","date_gmt":"2020-01-03T01:46:43","guid":{"rendered":"http:\/\/biscuit-maker.com\/?page_id=8"},"modified":"2020-04-09T09:41:18","modified_gmt":"2020-04-09T09:41:18","slug":"about-us","status":"publish","type":"page","link":"https:\/\/biscuit-maker.com\/pt\/about-us\/","title":{"rendered":"Sobre N\u00f3s"},"content":{"rendered":"<div data-elementor-type=\"wp-page\" data-elementor-id=\"8\" class=\"elementor elementor-8\" data-elementor-post-type=\"page\"> \t\t\t\t\t\t<section class=\"elementor-section elementor-top-section elementor-element elementor-element-8a8a788 elementor-section-height-min-height elementor-section-boxed elementor-section-height-default elementor-section-items-middle\" data-id=\"8a8a788\" data-element_type=\"section\" data-e-type=\"section\" data-settings=\"{&quot;background_background&quot;:&quot;classic&quot;}\"> \t\t\t\t\t\t<div class=\"elementor-container elementor-column-gap-default\"> \t\t\t\t\t<div class=\"elementor-column elementor-col-100 elementor-top-column elementor-element elementor-element-5b2b801\" data-id=\"5b2b801\" data-element_type=\"column\" data-e-type=\"column\"> \t\t\t<div class=\"elementor-widget-wrap elementor-element-populated\"> \t\t\t\t\t\t<div class=\"elementor-element elementor-element-2170980a elementor-widget elementor-widget-text-editor\" data-id=\"2170980a\" data-element_type=\"widget\" data-e-type=\"widget\" data-widget_type=\"text-editor.default\"> \t\t\t\t\t\t\t\t\t<p>conhe\u00e7a a nossa hist\u00f3ria<\/p>\t\t\t\t\t\t\t\t<\/div> \t\t\t\t<div class=\"elementor-element elementor-element-5daa4acf elementor-widget elementor-widget-heading\" data-id=\"5daa4acf\" data-element_type=\"widget\" data-e-type=\"widget\" data-widget_type=\"heading.default\"> \t\t\t\t\t<h1 class=\"elementor-heading-title elementor-size-default\">Sobre N\u00f3s<\/h1>\t\t\t\t<\/div> \t\t\t\t\t<\/div> \t\t<\/div> \t\t\t\t\t<\/div> \t\t<\/section> \t\t\t\t<section class=\"elementor-section elementor-top-section elementor-element elementor-element-108d2747 elementor-section-boxed elementor-section-height-default elementor-section-height-default\" data-id=\"108d2747\" data-element_type=\"section\" data-e-type=\"section\"> \t\t\t\t\t\t<div class=\"elementor-container elementor-column-gap-default\"> \t\t\t\t\t<div class=\"elementor-column elementor-col-50 elementor-top-column elementor-element elementor-element-73f84b05\" data-id=\"73f84b05\" data-element_type=\"column\" data-e-type=\"column\"> \t\t\t<div class=\"elementor-widget-wrap elementor-element-populated\"> \t\t\t\t\t\t<div class=\"elementor-element elementor-element-3ac40901 elementor-widget elementor-widget-heading\" data-id=\"3ac40901\" data-element_type=\"widget\" data-e-type=\"widget\" data-widget_type=\"heading.default\"> \t\t\t\t\t<h2 class=\"elementor-heading-title elementor-size-default\">Taizy Machinery<\/h2>\t\t\t\t<\/div> \t\t\t\t\t<\/div> \t\t<\/div> \t\t\t\t<div class=\"elementor-column elementor-col-50 elementor-top-column elementor-element elementor-element-23274ec6\" data-id=\"23274ec6\" data-element_type=\"column\" data-e-type=\"column\"> \t\t\t<div class=\"elementor-widget-wrap elementor-element-populated\"> \t\t\t\t\t\t<div class=\"elementor-element elementor-element-22a2f452 elementor-widget elementor-widget-text-editor\" data-id=\"22a2f452\" data-element_type=\"widget\" data-e-type=\"widget\" data-widget_type=\"text-editor.default\"> \t\t\t\t\t\t\t\t\t<p>A qualidade do produto \u00e9 a vida de uma empresa. Ao longo dos anos, a Taizy Machinery controlou rigorosamente a qualidade dos produtos e o n\u00edvel de habilidades dos funcion\u00e1rios, n\u00e3o s\u00f3 fabricando muitas m\u00e1quinas de alta qualidade, mas tamb\u00e9m criando uma equipe profissional de pesquisa e desenvolvimento de produ\u00e7\u00e3o.<\/p><p>O progresso t\u00e9cnico \u00e9 a pedra angular do desenvolvimento da empresa. A nossa empresa possui uma forte for\u00e7a t\u00e9cnica, melhoria cont\u00ednua dos processos de fabrica\u00e7\u00e3o, equipamentos industriais, institui\u00e7\u00f5es de teste perfeitas e sistemas rigorosos de gest\u00e3o de qualidade, al\u00e9m de trocas tecnol\u00f3gicas com empresas dos Estados Unidos, It\u00e1lia, B\u00e9lgica e outros pa\u00edses, introduzindo tecnologia internacional avan\u00e7ada, fazendo com que produtos como fornos el\u00e9tricos de alimentos e fornos a g\u00e1s tenham uma qualidade constantemente melhorada, e a reputa\u00e7\u00e3o da marca seja continuamente elevada, conquistando o reconhecimento dos clientes.<\/p><p>A miss\u00e3o da nossa empresa \u00e9 fazer m\u00e1quinas chinesas em todo o mundo! Insistimos em fornecer aos clientes as m\u00e1quinas mais adequadas e pre\u00e7os competitivos, al\u00e9m de oferecer servi\u00e7os completos de exporta\u00e7\u00e3o comercial, para que possa poupar preocupa\u00e7\u00f5es e esfor\u00e7o, podendo adquirir a m\u00e1quina ideal sem sair de casa.<\/p>\t\t\t\t\t\t\t\t<\/div> \t\t\t\t\t<\/div> \t\t<\/div> \t\t\t\t\t<\/div> \t\t<\/section> \t\t\t\t<section class=\"elementor-section elementor-top-section elementor-element elementor-element-d9dd8a9 elementor-section-boxed elementor-section-height-default elementor-section-height-default\" data-id=\"d9dd8a9\" data-element_type=\"section\" data-e-type=\"section\"> \t\t\t\t\t\t<div class=\"elementor-container elementor-column-gap-default\"> \t\t\t\t\t<div class=\"elementor-column elementor-col-100 elementor-top-column elementor-element elementor-element-7a6b084\" data-id=\"7a6b084\" data-element_type=\"column\" data-e-type=\"column\"> \t\t\t<div class=\"elementor-widget-wrap elementor-element-populated\"> \t\t\t\t\t\t<div class=\"elementor-element elementor-element-be2da83 elementor-widget elementor-widget-heading\" data-id=\"be2da83\" data-element_type=\"widget\" data-e-type=\"widget\" data-widget_type=\"heading.default\"> \t\t\t\t\t<h1 class=\"elementor-heading-title elementor-size-default\">O Nosso Servi\u00e7o<\/h1>\t\t\t\t<\/div> \t\t\t\t<div class=\"elementor-element elementor-element-ad5291f elementor-widget-divider--view-line elementor-widget elementor-widget-divider\" data-id=\"ad5291f\" data-element_type=\"widget\" data-e-type=\"widget\" data-widget_type=\"divider.default\"> \t\t\t\t\t\t\t<div class=\"elementor-divider\"> \t\t\t<span class=\"elementor-divider-separator\"> \t\t\t\t\t\t<\/span> \t\t<\/div> \t\t\t\t\t\t<\/div> \t\t\t\t\t<\/div> \t\t<\/div> \t\t\t\t\t<\/div> \t\t<\/section> \t\t\t\t<section class=\"elementor-section elementor-top-section elementor-element elementor-element-df5611d elementor-section-boxed elementor-section-height-default elementor-section-height-default\" data-id=\"df5611d\" data-element_type=\"section\" data-e-type=\"section\"> \t\t\t\t\t\t<div class=\"elementor-container elementor-column-gap-default\"> \t\t\t\t\t<div class=\"elementor-column elementor-col-100 elementor-top-column elementor-element elementor-element-48fef42\" data-id=\"48fef42\" data-element_type=\"column\" data-e-type=\"column\"> \t\t\t<div class=\"elementor-widget-wrap elementor-element-populated\"> \t\t\t\t\t\t<div class=\"elementor-element elementor-element-346c295 elementor-tabs-view-vertical elementor-widget elementor-widget-tabs\" data-id=\"346c295\" data-element_type=\"widget\" data-e-type=\"widget\" data-widget_type=\"tabs.default\"> \t\t\t\t\t\t\t<div class=\"elementor-tabs\"> \t\t\t<div class=\"elementor-tabs-wrapper\" role=\"tablist\" > \t\t\t\t\t\t\t\t\t<div id=\"elementor-tab-title-5491\" class=\"elementor-tab-title elementor-tab-desktop-title\" aria-selected=\"true\" data-tab=\"1\" role=\"tab\" tabindex=\"0\" aria-controls=\"elementor-tab-content-5491\" aria-expanded=\"false\">Pr\u00e9-venda<\/div> \t\t\t\t\t\t\t\t\t<div id=\"elementor-tab-title-5492\" class=\"elementor-tab-title elementor-tab-desktop-title\" aria-selected=\"false\" data-tab=\"2\" role=\"tab\" tabindex=\"-1\" aria-controls=\"elementor-tab-content-5492\" aria-expanded=\"false\">Venda<\/div> \t\t\t\t\t\t\t\t\t<div id=\"elementor-tab-title-5493\" class=\"elementor-tab-title elementor-tab-desktop-title\" aria-selected=\"false\" data-tab=\"3\" role=\"tab\" tabindex=\"-1\" aria-controls=\"elementor-tab-content-5493\" aria-expanded=\"false\">P\u00f3s-venda<\/div> \t\t\t\t\t\t\t<\/div> \t\t\t<div class=\"elementor-tabs-content-wrapper\" role=\"tablist\" aria-orientation=\"vertical\"> \t\t\t\t\t\t\t\t\t<div class=\"elementor-tab-title elementor-tab-mobile-title\" aria-selected=\"true\" data-tab=\"1\" role=\"tab\" tabindex=\"0\" aria-controls=\"elementor-tab-content-5491\" aria-expanded=\"false\">Pr\u00e9-venda<\/div> \t\t\t\t\t<div id=\"elementor-tab-content-5491\" class=\"elementor-tab-content elementor-clearfix\" data-tab=\"1\" role=\"tabpanel\" aria-labelledby=\"elementor-tab-title-5491\" tabindex=\"0\" hidden=\"false\"><ol><li>Faremos uma investiga\u00e7\u00e3o simples sobre a sua situa\u00e7\u00e3o. Este passo \u00e9 muito importante para nos conhecermos melhor. Depois, poderemos conhecer as suas necessidades espec\u00edficas de fabrico de bolachas, a situa\u00e7\u00e3o de constru\u00e7\u00e3o da sua f\u00e1brica e o seu or\u00e7amento. Tudo isto \u00e9 \u00fatil para recomendarmos uma m\u00e1quina adequada para si.<\/li><li>Vamos fornecer uma cota\u00e7\u00e3o elegante para si. Como a linha de produ\u00e7\u00e3o de bolachas consiste em muitas m\u00e1quinas, pode ficar confuso quanto \u00e0s especifica\u00e7\u00f5es e pre\u00e7os de cada m\u00e1quina. N\u00e3o se preocupe, listaremos tudo em detalhe, e garantiremos que possa obter facilmente as informa\u00e7\u00f5es mais \u00fateis.<\/li><li>Ofereceremos um projeto exclusivo completo para a sua f\u00e1brica. O or\u00e7amento e a \u00e1rea da f\u00e1brica de cada cliente s\u00e3o diferentes. Projetaremos de forma \u00fanica a localiza\u00e7\u00e3o, disposi\u00e7\u00e3o, comprimento, largura e altura da m\u00e1quina de acordo com o layout existente da sua f\u00e1brica, para garantir que poupe espa\u00e7o e custos.<\/li><\/ol><\/div> \t\t\t\t\t\t\t\t\t<div class=\"elementor-tab-title elementor-tab-mobile-title\" aria-selected=\"false\" data-tab=\"2\" role=\"tab\" tabindex=\"-1\" aria-controls=\"elementor-tab-content-5492\" aria-expanded=\"false\">Venda<\/div> \t\t\t\t\t<div id=\"elementor-tab-content-5492\" class=\"elementor-tab-content elementor-clearfix\" data-tab=\"2\" role=\"tabpanel\" aria-labelledby=\"elementor-tab-title-5492\" tabindex=\"0\" hidden=\"hidden\"><ol><li>Podemos oferecer um pre\u00e7o competitivo. Agora, a concorr\u00eancia no mercado de m\u00e1quinas de alimentos est\u00e1 a tornar-se cada vez mais feroz. Muitos fabricantes tamb\u00e9m tornam a espessura do fuselagem mais fina, garantindo o efeito da m\u00e1quina. Portanto, quando pensa que pode comprar uma boa m\u00e1quina a um pre\u00e7o baixo, a vida \u00fatil da sua m\u00e1quina foi significativamente reduzida. A nossa empresa promete que, embora talvez n\u00e3o consigamos oferecer o pre\u00e7o mais barato, podemos fornecer a m\u00e1quina mais conscienciosa. Ao mesmo tempo, ofereceremos um pre\u00e7o competitivo, para garantir que as nossas m\u00e1quinas possam proporcionar-lhe benef\u00edcios econ\u00f3micos satisfat\u00f3rios.<\/li><li>Fornecemos m\u00e9todos de pagamento seguros e convenientes. Podemos aceitar Garantia de Com\u00e9rcio, T\/T, Money Gram, L\/C, PayPal, Western Union, Dinheiro, etc., pode escolher o termo de pagamento mais conveniente para si.<\/li><\/ol><\/div> \t\t\t\t\t\t\t\t\t<div class=\"elementor-tab-title elementor-tab-mobile-title\" aria-selected=\"false\" data-tab=\"3\" role=\"tab\" tabindex=\"-1\" aria-controls=\"elementor-tab-content-5493\" aria-expanded=\"false\">P\u00f3s-venda<\/div> \t\t\t\t\t<div id=\"elementor-tab-content-5493\" class=\"elementor-tab-content elementor-clearfix\" data-tab=\"3\" role=\"tabpanel\" aria-labelledby=\"elementor-tab-title-5493\" tabindex=\"0\" hidden=\"hidden\"><ol><li>Relataremos o progresso da log\u00edstica das suas mercadorias a tempo. Seja por transporte mar\u00edtimo ou outros m\u00e9todos, manteremos o acompanhamento da situa\u00e7\u00e3o log\u00edstica, reportaremos as tend\u00eancias log\u00edsticas em tempo \u00fatil e notificaremos prontamente os documentos e certificados necess\u00e1rios para a recolha.<\/li><li>Fornecemos servi\u00e7o de instala\u00e7\u00e3o no local. N\u00e3o precisa preocupar-se com quest\u00f5es de instala\u00e7\u00e3o. Podemos enviar um engenheiro profissional ao seu local e fornecer instru\u00e7\u00f5es de instala\u00e7\u00e3o e uso.<\/li><li>Se n\u00e3o precisar de servi\u00e7o de instala\u00e7\u00e3o no local, tamb\u00e9m podemos fornecer orienta\u00e7\u00e3o por v\u00eddeo online. Prometemos ajud\u00e1-lo a usar bem a m\u00e1quina ap\u00f3s a compra.<\/li><li>Se estiver a usar a m\u00e1quina e algumas pe\u00e7as de desgaste da m\u00e1quina falharem por raz\u00f5es n\u00e3o humanas, podemos fornecer acess\u00f3rios gratuitos.<\/li><\/ol><\/div> \t\t\t\t\t\t\t<\/div> \t\t<\/div> \t\t\t\t\t\t<\/div> \t\t\t\t<div class=\"elementor-element elementor-element-1ca97d1 elementor-widget elementor-widget-spacer\" data-id=\"1ca97d1\" data-element_type=\"widget\" data-e-type=\"widget\" data-widget_type=\"spacer.default\"> \t\t\t\t\t\t\t<div class=\"elementor-spacer\"> \t\t\t<div class=\"elementor-spacer-inner\"><\/div> \t\t<\/div> \t\t\t\t\t\t<\/div> \t\t\t\t\t<\/div> \t\t<\/div> \t\t\t\t\t<\/div> \t\t<\/section> \t\t\t\t<section class=\"elementor-section elementor-top-section elementor-element elementor-element-3e716fd5 elementor-section-height-min-height elementor-section-boxed elementor-section-height-default elementor-section-items-middle\" data-id=\"3e716fd5\" data-element_type=\"section\" data-e-type=\"section\" data-settings=\"{&quot;background_background&quot;:&quot;classic&quot;}\"> \t\t\t\t\t\t\t<div class=\"elementor-background-overlay\"><\/div> \t\t\t\t\t\t\t<div class=\"elementor-container elementor-column-gap-default\"> \t\t\t\t\t<div class=\"elementor-column elementor-col-100 elementor-top-column elementor-element elementor-element-5c22efcb\" data-id=\"5c22efcb\" data-element_type=\"column\" data-e-type=\"column\"> \t\t\t<div class=\"elementor-widget-wrap elementor-element-populated\"> \t\t\t\t\t\t<div class=\"elementor-element elementor-element-7fb3d430 elementor-widget elementor-widget-heading\" data-id=\"7fb3d430\" data-element_type=\"widget\" data-e-type=\"widget\" data-widget_type=\"heading.default\"> \t\t\t\t\t<h2 class=\"elementor-heading-title elementor-size-default\">Vamos ajud\u00e1-lo em cada passo do caminho<\/h2>\t\t\t\t<\/div> \t\t\t\t<div class=\"elementor-element elementor-element-22f58ef6 elementor-align-center elementor-widget elementor-widget-button\" data-id=\"22f58ef6\" data-element_type=\"widget\" data-e-type=\"widget\" data-widget_type=\"button.default\"> \t\t\t\t\t\t\t\t\t\t<a class=\"elementor-button elementor-button-link elementor-size-md\" href=\"#elementor-action%3Aaction%3Dpopup%3Aopen%26settings%3DeyJpZCI6IjExOSIsInRvZ2dsZSI6ZmFsc2V9\"> \t\t\t\t\t\t<span class=\"elementor-button-content-wrapper\"> \t\t\t\t\t\t<span class=\"elementor-button-icon\"> \t\t\t\t<svg aria-hidden=\"true\" class=\"e-font-icon-svg e-fas-long-arrow-alt-right\" viewbox=\"0 0 448 512\" xmlns=\"http:\/\/www.w3.org\/2000\/svg\"><path d=\"M313.941 216H12c-6.627 0-12 5.373-12 12v56c0 6.627 5.373 12 12 12h301.941v46.059c0 21.382 25.851 32.09 40.971 16.971l86.059-86.059c9.373-9.373 9.373-24.569 0-33.941l-86.059-86.059c-15.119-15.119-40.971-4.411-40.971 16.971V216z\"><\/path><\/svg>\t\t\t<\/span> \t\t\t\t\t\t\t\t\t<span class=\"elementor-button-text\">Contacte-nos<\/span> \t\t\t\t\t<\/span> \t\t\t\t\t<\/a> \t\t\t\t\t\t\t\t<\/div> \t\t\t\t\t<\/div> \t\t<\/div> \t\t\t\t\t<\/div> \t\t<\/section> \t\t\t\t<\/div>","protected":false},"excerpt":{"rendered":"<p>learn about our history About Us Taizy Machinery Product quality is the life of an enterprise. Over the years, Taizy machinery company has strictly controlled the quality of products and the construction of employees&#8217; skill levels, not only manufacturing many high-quality machines, but also creating a professional production research and development team. Technical progress is [&hellip;]<\/p>\n","protected":false},"author":1,"featured_media":0,"parent":0,"menu_order":0,"comment_status":"closed","ping_status":"closed","template":"","meta":{"footnotes":""},"class_list":["post-8","page","type-page","status-publish","hentry"],"_links":{"self":[{"href":"https:\/\/biscuit-maker.com\/pt\/wp-json\/wp\/v2\/pages\/8","targetHints":{"allow":["GET"]}}],"collection":[{"href":"https:\/\/biscuit-maker.com\/pt\/wp-json\/wp\/v2\/pages"}],"about":[{"href":"https:\/\/biscuit-maker.com\/pt\/wp-json\/wp\/v2\/types\/page"}],"author":[{"embeddable":true,"href":"https:\/\/biscuit-maker.com\/pt\/wp-json\/wp\/v2\/users\/1"}],"replies":[{"embeddable":true,"href":"https:\/\/biscuit-maker.com\/pt\/wp-json\/wp\/v2\/comments?post=8"}],"version-history":[{"count":0,"href":"https:\/\/biscuit-maker.com\/pt\/wp-json\/wp\/v2\/pages\/8\/revisions"}],"wp:attachment":[{"href":"https:\/\/biscuit-maker.com\/pt\/wp-json\/wp\/v2\/media?parent=8"}],"curies":[{"name":"wp","href":"https:\/\/api.w.org\/{rel}","templated":true}]}}