{"id":8,"date":"2020-01-03T01:46:43","date_gmt":"2020-01-03T01:46:43","guid":{"rendered":"http:\/\/biscuit-maker.com\/?page_id=8"},"modified":"2020-04-09T09:41:18","modified_gmt":"2020-04-09T09:41:18","slug":"about-us","status":"publish","type":"page","link":"https:\/\/biscuit-maker.com\/fr\/about-us\/","title":{"rendered":"\u00c0 propos de nous"},"content":{"rendered":"<div data-elementor-type=\"wp-page\" data-elementor-id=\"8\" class=\"elementor elementor-8\" data-elementor-post-type=\"page\"> \t\t\t\t\t\t<section class=\"elementor-section elementor-top-section elementor-element elementor-element-8a8a788 elementor-section-height-min-height elementor-section-boxed elementor-section-height-default elementor-section-items-middle\" data-id=\"8a8a788\" data-element_type=\"section\" data-e-type=\"section\" data-settings=\"{&quot;background_background&quot;:&quot;classic&quot;}\"> \t\t\t\t\t\t<div class=\"elementor-container elementor-column-gap-default\"> \t\t\t\t\t<div class=\"elementor-column elementor-col-100 elementor-top-column elementor-element elementor-element-5b2b801\" data-id=\"5b2b801\" data-element_type=\"column\" data-e-type=\"column\"> \t\t\t<div class=\"elementor-widget-wrap elementor-element-populated\"> \t\t\t\t\t\t<div class=\"elementor-element elementor-element-2170980a elementor-widget elementor-widget-text-editor\" data-id=\"2170980a\" data-element_type=\"widget\" data-e-type=\"widget\" data-widget_type=\"text-editor.default\"> \t\t\t\t\t\t\t\t\t<p>d\u00e9couvrez notre histoire<\/p>\t\t\t\t\t\t\t\t<\/div> \t\t\t\t<div class=\"elementor-element elementor-element-5daa4acf elementor-widget elementor-widget-heading\" data-id=\"5daa4acf\" data-element_type=\"widget\" data-e-type=\"widget\" data-widget_type=\"heading.default\"> \t\t\t\t\t<h1 class=\"elementor-heading-title elementor-size-default\">\u00c0 propos de nous<\/h1>\t\t\t\t<\/div> \t\t\t\t\t<\/div> \t\t<\/div> \t\t\t\t\t<\/div> \t\t<\/section> \t\t\t\t<section class=\"elementor-section elementor-top-section elementor-element elementor-element-108d2747 elementor-section-boxed elementor-section-height-default elementor-section-height-default\" data-id=\"108d2747\" data-element_type=\"section\" data-e-type=\"section\"> \t\t\t\t\t\t<div class=\"elementor-container elementor-column-gap-default\"> \t\t\t\t\t<div class=\"elementor-column elementor-col-50 elementor-top-column elementor-element elementor-element-73f84b05\" data-id=\"73f84b05\" data-element_type=\"column\" data-e-type=\"column\"> \t\t\t<div class=\"elementor-widget-wrap elementor-element-populated\"> \t\t\t\t\t\t<div class=\"elementor-element elementor-element-3ac40901 elementor-widget elementor-widget-heading\" data-id=\"3ac40901\" data-element_type=\"widget\" data-e-type=\"widget\" data-widget_type=\"heading.default\"> \t\t\t\t\t<h2 class=\"elementor-heading-title elementor-size-default\">Machines Taizy<\/h2>\t\t\t\t<\/div> \t\t\t\t\t<\/div> \t\t<\/div> \t\t\t\t<div class=\"elementor-column elementor-col-50 elementor-top-column elementor-element elementor-element-23274ec6\" data-id=\"23274ec6\" data-element_type=\"column\" data-e-type=\"column\"> \t\t\t<div class=\"elementor-widget-wrap elementor-element-populated\"> \t\t\t\t\t\t<div class=\"elementor-element elementor-element-22a2f452 elementor-widget elementor-widget-text-editor\" data-id=\"22a2f452\" data-element_type=\"widget\" data-e-type=\"widget\" data-widget_type=\"text-editor.default\"> \t\t\t\t\t\t\t\t\t<p>La qualit\u00e9 des produits est la vie d'une entreprise. Au fil des ann\u00e9es, la soci\u00e9t\u00e9 de machines Taizy a strictement contr\u00f4l\u00e9 la qualit\u00e9 des produits et la construction des niveaux de comp\u00e9tence des employ\u00e9s, non seulement en fabriquant de nombreuses machines de haute qualit\u00e9, mais en cr\u00e9ant \u00e9galement une \u00e9quipe professionnelle de recherche et d\u00e9veloppement de production.<\/p><p>Le progr\u00e8s technique est la pierre angulaire du d\u00e9veloppement de l\u2019entreprise. Notre soci\u00e9t\u00e9 dispose d'une forte force technique, d'une am\u00e9lioration continue des processus de fabrication et des \u00e9quipements industriels, d'institutions de test parfaites et de syst\u00e8mes de gestion de la qualit\u00e9 stricts, ainsi que d'\u00e9changes technologiques avec des entreprises aux \u00c9tats-Unis, en Italie, en Belgique et dans d'autres pays, l'introduction de technologies de pointe internationales, la fabrication de produits tels que les fours \u00e9lectriques et les fours \u00e0 gaz a constamment am\u00e9lior\u00e9 la qualit\u00e9 et la r\u00e9putation de leur marque a \u00e9t\u00e9 continuellement am\u00e9lior\u00e9e, ce qui a suscit\u00e9 les \u00e9loges des clients.<\/p><p>La mission de notre entreprise est de fabriquer des machines chinoises partout dans le monde ! Nous insistons pour fournir aux clients les machines les plus adapt\u00e9es et des prix comp\u00e9titifs, et fournissons aux clients des services complets sur les exportations du commerce ext\u00e9rieur, afin que vous puissiez \u00e9conomiser des soucis et des efforts, vous puissiez acheter la machine id\u00e9ale sans quitter la maison.<\/p>\t\t\t\t\t\t\t\t<\/div> \t\t\t\t\t<\/div> \t\t<\/div> \t\t\t\t\t<\/div> \t\t<\/section> \t\t\t\t<section class=\"elementor-section elementor-top-section elementor-element elementor-element-d9dd8a9 elementor-section-boxed elementor-section-height-default elementor-section-height-default\" data-id=\"d9dd8a9\" data-element_type=\"section\" data-e-type=\"section\"> \t\t\t\t\t\t<div class=\"elementor-container elementor-column-gap-default\"> \t\t\t\t\t<div class=\"elementor-column elementor-col-100 elementor-top-column elementor-element elementor-element-7a6b084\" data-id=\"7a6b084\" data-element_type=\"column\" data-e-type=\"column\"> \t\t\t<div class=\"elementor-widget-wrap elementor-element-populated\"> \t\t\t\t\t\t<div class=\"elementor-element elementor-element-be2da83 elementor-widget elementor-widget-heading\" data-id=\"be2da83\" data-element_type=\"widget\" data-e-type=\"widget\" data-widget_type=\"heading.default\"> \t\t\t\t\t<h1 class=\"elementor-heading-title elementor-size-default\">Notre service<\/h1>\t\t\t\t<\/div> \t\t\t\t<div class=\"elementor-element elementor-element-ad5291f elementor-widget-divider--view-line elementor-widget elementor-widget-divider\" data-id=\"ad5291f\" data-element_type=\"widget\" data-e-type=\"widget\" data-widget_type=\"divider.default\"> \t\t\t\t\t\t\t<div class=\"elementor-divider\"> \t\t\t<span class=\"elementor-divider-separator\"> \t\t\t\t\t\t<\/span> \t\t<\/div> \t\t\t\t\t\t<\/div> \t\t\t\t\t<\/div> \t\t<\/div> \t\t\t\t\t<\/div> \t\t<\/section> \t\t\t\t<section class=\"elementor-section elementor-top-section elementor-element elementor-element-df5611d elementor-section-boxed elementor-section-height-default elementor-section-height-default\" data-id=\"df5611d\" data-element_type=\"section\" data-e-type=\"section\"> \t\t\t\t\t\t<div class=\"elementor-container elementor-column-gap-default\"> \t\t\t\t\t<div class=\"elementor-column elementor-col-100 elementor-top-column elementor-element elementor-element-48fef42\" data-id=\"48fef42\" data-element_type=\"column\" data-e-type=\"column\"> \t\t\t<div class=\"elementor-widget-wrap elementor-element-populated\"> \t\t\t\t\t\t<div class=\"elementor-element elementor-element-346c295 elementor-tabs-view-vertical elementor-widget elementor-widget-tabs\" data-id=\"346c295\" data-element_type=\"widget\" data-e-type=\"widget\" data-widget_type=\"tabs.default\"> \t\t\t\t\t\t\t<div class=\"elementor-tabs\"> \t\t\t<div class=\"elementor-tabs-wrapper\" role=\"tablist\" > \t\t\t\t\t\t\t\t\t<div id=\"elementor-tab-title-5491\" class=\"elementor-tab-title elementor-tab-desktop-title\" aria-selected=\"true\" data-tab=\"1\" role=\"tab\" tabindex=\"0\" aria-controls=\"elementor-tab-content-5491\" aria-expanded=\"false\">Pr\u00e9vente\u200b<\/div> \t\t\t\t\t\t\t\t\t<div id=\"elementor-tab-title-5492\" class=\"elementor-tab-title elementor-tab-desktop-title\" aria-selected=\"false\" data-tab=\"2\" role=\"tab\" tabindex=\"-1\" aria-controls=\"elementor-tab-content-5492\" aria-expanded=\"false\">Vente<\/div> \t\t\t\t\t\t\t\t\t<div id=\"elementor-tab-title-5493\" class=\"elementor-tab-title elementor-tab-desktop-title\" aria-selected=\"false\" data-tab=\"3\" role=\"tab\" tabindex=\"-1\" aria-controls=\"elementor-tab-content-5493\" aria-expanded=\"false\">Apr\u00e8s-vente\u200b<\/div> \t\t\t\t\t\t\t<\/div> \t\t\t<div class=\"elementor-tabs-content-wrapper\" role=\"tablist\" aria-orientation=\"vertical\"> \t\t\t\t\t\t\t\t\t<div class=\"elementor-tab-title elementor-tab-mobile-title\" aria-selected=\"true\" data-tab=\"1\" role=\"tab\" tabindex=\"0\" aria-controls=\"elementor-tab-content-5491\" aria-expanded=\"false\">Pr\u00e9vente\u200b<\/div> \t\t\t\t\t<div id=\"elementor-tab-content-5491\" class=\"elementor-tab-content elementor-clearfix\" data-tab=\"1\" role=\"tabpanel\" aria-labelledby=\"elementor-tab-title-5491\" tabindex=\"0\" hidden=\"false\"><ol><li>Nous ferons une enqu\u00eate simple sur votre situation. Cette \u00e9tape est tr\u00e8s importante pour que nous puissions mieux nous conna\u00eetre. Apr\u00e8s cela, nous pourrions conna\u00eetre vos demandes sp\u00e9cifiques en mati\u00e8re de fabrication de biscuits, la situation de votre construction d'usine et votre budget. Tous ces \u00e9l\u00e9ments nous sont utiles pour vous recommander une machine adapt\u00e9e.<\/li><li>Nous vous fournirons un devis \u00e9l\u00e9gant. Comme la ligne de production de biscuits se compose de nombreuses machines, vous risquez de ne pas conna\u00eetre les sp\u00e9cifications et le prix de chaque machine. Ne vous inqui\u00e9tez pas, nous \u00e9num\u00e9rerons tout cela en d\u00e9tail et veillerons \u00e0 ce que vous puissiez facilement obtenir les informations les plus utiles.<\/li><li>Nous vous proposerons un design exclusif complet pour votre installation. Le budget et la superficie de l'usine de chaque client sont tous diff\u00e9rents. Nous concevrons de mani\u00e8re unique l'emplacement, le placement, la longueur, la largeur et la hauteur de la machine en fonction de la disposition de votre usine existante pour vous assurer d'\u00e9conomiser de l'espace et des co\u00fbts.<\/li><\/ol><\/div> \t\t\t\t\t\t\t\t\t<div class=\"elementor-tab-title elementor-tab-mobile-title\" aria-selected=\"false\" data-tab=\"2\" role=\"tab\" tabindex=\"-1\" aria-controls=\"elementor-tab-content-5492\" aria-expanded=\"false\">Vente<\/div> \t\t\t\t\t<div id=\"elementor-tab-content-5492\" class=\"elementor-tab-content elementor-clearfix\" data-tab=\"2\" role=\"tabpanel\" aria-labelledby=\"elementor-tab-title-5492\" tabindex=\"0\" hidden=\"hidden\"><ol><li>Nous pouvons vous offrir un prix comp\u00e9titif. Aujourd\u2019hui, la concurrence sur le march\u00e9 des machines alimentaires devient de plus en plus f\u00e9roce. De nombreux fabricants rendent \u00e9galement l'\u00e9paisseur du fuselage de plus en plus fine tout en garantissant l'effet de la machine. Ainsi, lorsque vous pensez pouvoir acheter une bonne machine \u00e0 bas prix, la dur\u00e9e de vie de votre machine est consid\u00e9rablement r\u00e9duite. Notre soci\u00e9t\u00e9 promet que m\u00eame si nous ne sommes pas en mesure de fournir le prix le moins cher, nous pouvons fournir la machine la plus consciencieuse. En m\u00eame temps, nous vous proposerons un prix comp\u00e9titif, pour garantir que nos machines peuvent vous offrir des avantages \u00e9conomiques satisfaisants.<\/li><li>Nous proposons des m\u00e9thodes de paiement s\u00fbres et pratiques. Nous pouvons accepter l'assurance commerciale, T\/T, Money Gram, L\/C, Pay Pal, Western Union, Cash, etc., vous pouvez choisir les conditions de paiement les plus pratiques pour vous.<\/li><\/ol><\/div> \t\t\t\t\t\t\t\t\t<div class=\"elementor-tab-title elementor-tab-mobile-title\" aria-selected=\"false\" data-tab=\"3\" role=\"tab\" tabindex=\"-1\" aria-controls=\"elementor-tab-content-5493\" aria-expanded=\"false\">Apr\u00e8s-vente\u200b<\/div> \t\t\t\t\t<div id=\"elementor-tab-content-5493\" class=\"elementor-tab-content elementor-clearfix\" data-tab=\"3\" role=\"tabpanel\" aria-labelledby=\"elementor-tab-title-5493\" tabindex=\"0\" hidden=\"hidden\"><ol><li>Nous vous informerons de l'avancement logistique de vos marchandises \u00e0 temps. Qu'il s'agisse d'une exp\u00e9dition par voie maritime ou par d'autres m\u00e9thodes de transport, nous suivrons la situation logistique, signalerons les tendances logistiques pour vous \u00e0 temps et vous informerons rapidement des documents et certificats requis pour la cueillette.<\/li><li>Nous fournissons un service d'installation sur site. Vous n'avez pas \u00e0 vous soucier des probl\u00e8mes d'installation. Nous pouvons envoyer un ing\u00e9nieur professionnel chez vous et fournir des instructions d'installation et d'utilisation.<\/li><li>Si vous n\u2019avez pas besoin de service d\u2019installation sur site, nous pouvons \u00e9galement vous fournir des conseils vid\u00e9o en ligne. Nous nous engageons \u00e0 vous aider \u00e0 bien utiliser la machine apr\u00e8s avoir achet\u00e9 notre machine.<\/li><li>Si vous utilisez la machine et que certaines pi\u00e8ces d'usure de la machine sont tomb\u00e9es en panne pour des raisons non humaines, nous pouvons vous fournir des accessoires gratuits.<\/li><\/ol><\/div> \t\t\t\t\t\t\t<\/div> \t\t<\/div> \t\t\t\t\t\t<\/div> \t\t\t\t<div class=\"elementor-element elementor-element-1ca97d1 elementor-widget elementor-widget-spacer\" data-id=\"1ca97d1\" data-element_type=\"widget\" data-e-type=\"widget\" data-widget_type=\"spacer.default\"> \t\t\t\t\t\t\t<div class=\"elementor-spacer\"> \t\t\t<div class=\"elementor-spacer-inner\"><\/div> \t\t<\/div> \t\t\t\t\t\t<\/div> \t\t\t\t\t<\/div> \t\t<\/div> \t\t\t\t\t<\/div> \t\t<\/section> \t\t\t\t<section class=\"elementor-section elementor-top-section elementor-element elementor-element-3e716fd5 elementor-section-height-min-height elementor-section-boxed elementor-section-height-default elementor-section-items-middle\" data-id=\"3e716fd5\" data-element_type=\"section\" data-e-type=\"section\" data-settings=\"{&quot;background_background&quot;:&quot;classic&quot;}\"> \t\t\t\t\t\t\t<div class=\"elementor-background-overlay\"><\/div> \t\t\t\t\t\t\t<div class=\"elementor-container elementor-column-gap-default\"> \t\t\t\t\t<div class=\"elementor-column elementor-col-100 elementor-top-column elementor-element elementor-element-5c22efcb\" data-id=\"5c22efcb\" data-element_type=\"column\" data-e-type=\"column\"> \t\t\t<div class=\"elementor-widget-wrap elementor-element-populated\"> \t\t\t\t\t\t<div class=\"elementor-element elementor-element-7fb3d430 elementor-widget elementor-widget-heading\" data-id=\"7fb3d430\" data-element_type=\"widget\" data-e-type=\"widget\" data-widget_type=\"heading.default\"> \t\t\t\t\t<h2 class=\"elementor-heading-title elementor-size-default\">Nous vous aiderons \u00e0 chaque \u00e9tape<\/h2>\t\t\t\t<\/div> \t\t\t\t<div class=\"elementor-element elementor-element-22f58ef6 elementor-align-center elementor-widget elementor-widget-button\" data-id=\"22f58ef6\" data-element_type=\"widget\" data-e-type=\"widget\" data-widget_type=\"button.default\"> \t\t\t\t\t\t\t\t\t\t<a class=\"elementor-button elementor-button-link elementor-size-md\" href=\"#elementor-action%3Aaction%3Dpopup%3Aopen%26settings%3DeyJpZCI6IjExOSIsInRvZ2dsZSI6ZmFsc2V9\"> \t\t\t\t\t\t<span class=\"elementor-button-content-wrapper\"> \t\t\t\t\t\t<span class=\"elementor-button-icon\"> \t\t\t\t<svg aria-hidden=\"true\" class=\"e-font-icon-svg e-fas-long-arrow-alt-right\" viewbox=\"0 0 448 512\" xmlns=\"http:\/\/www.w3.org\/2000\/svg\"><path d=\"M313.941 216H12c-6.627 0-12 5.373-12 12v56c0 6.627 5.373 12 12 12h301.941v46.059c0 21.382 25.851 32.09 40.971 16.971l86.059-86.059c9.373-9.373 9.373-24.569 0-33.941l-86.059-86.059c-15.119-15.119-40.971-4.411-40.971 16.971V216z\"><\/path><\/svg>\t\t\t<\/span> \t\t\t\t\t\t\t\t\t<span class=\"elementor-button-text\">Contactez-nous<\/span> \t\t\t\t\t<\/span> \t\t\t\t\t<\/a> \t\t\t\t\t\t\t\t<\/div> \t\t\t\t\t<\/div> \t\t<\/div> \t\t\t\t\t<\/div> \t\t<\/section> \t\t\t\t<\/div>","protected":false},"excerpt":{"rendered":"<p>learn about our history About Us Taizy Machinery Product quality is the life of an enterprise. Over the years, Taizy machinery company has strictly controlled the quality of products and the construction of employees&#8217; skill levels, not only manufacturing many high-quality machines, but also creating a professional production research and development team. Technical progress is [&hellip;]<\/p>\n","protected":false},"author":1,"featured_media":0,"parent":0,"menu_order":0,"comment_status":"closed","ping_status":"closed","template":"","meta":{"footnotes":""},"class_list":["post-8","page","type-page","status-publish","hentry"],"_links":{"self":[{"href":"https:\/\/biscuit-maker.com\/fr\/wp-json\/wp\/v2\/pages\/8","targetHints":{"allow":["GET"]}}],"collection":[{"href":"https:\/\/biscuit-maker.com\/fr\/wp-json\/wp\/v2\/pages"}],"about":[{"href":"https:\/\/biscuit-maker.com\/fr\/wp-json\/wp\/v2\/types\/page"}],"author":[{"embeddable":true,"href":"https:\/\/biscuit-maker.com\/fr\/wp-json\/wp\/v2\/users\/1"}],"replies":[{"embeddable":true,"href":"https:\/\/biscuit-maker.com\/fr\/wp-json\/wp\/v2\/comments?post=8"}],"version-history":[{"count":0,"href":"https:\/\/biscuit-maker.com\/fr\/wp-json\/wp\/v2\/pages\/8\/revisions"}],"wp:attachment":[{"href":"https:\/\/biscuit-maker.com\/fr\/wp-json\/wp\/v2\/media?parent=8"}],"curies":[{"name":"wp","href":"https:\/\/api.w.org\/{rel}","templated":true}]}}