{"id":8,"date":"2020-01-03T01:46:43","date_gmt":"2020-01-03T01:46:43","guid":{"rendered":"http:\/\/biscuit-maker.com\/?page_id=8"},"modified":"2020-04-09T09:41:18","modified_gmt":"2020-04-09T09:41:18","slug":"about-us","status":"publish","type":"page","link":"https:\/\/biscuit-maker.com\/es\/about-us\/","title":{"rendered":"Sobre nosotros"},"content":{"rendered":"<div data-elementor-type=\"wp-page\" data-elementor-id=\"8\" class=\"elementor elementor-8\" data-elementor-post-type=\"page\"> \t\t\t\t\t\t<section class=\"elementor-section elementor-top-section elementor-element elementor-element-8a8a788 elementor-section-height-min-height elementor-section-boxed elementor-section-height-default elementor-section-items-middle\" data-id=\"8a8a788\" data-element_type=\"section\" data-e-type=\"section\" data-settings=\"{&quot;background_background&quot;:&quot;classic&quot;}\"> \t\t\t\t\t\t<div class=\"elementor-container elementor-column-gap-default\"> \t\t\t\t\t<div class=\"elementor-column elementor-col-100 elementor-top-column elementor-element elementor-element-5b2b801\" data-id=\"5b2b801\" data-element_type=\"column\" data-e-type=\"column\"> \t\t\t<div class=\"elementor-widget-wrap elementor-element-populated\"> \t\t\t\t\t\t<div class=\"elementor-element elementor-element-2170980a elementor-widget elementor-widget-text-editor\" data-id=\"2170980a\" data-element_type=\"widget\" data-e-type=\"widget\" data-widget_type=\"text-editor.default\"> \t\t\t\t\t\t\t\t\t<p>aprende sobre nuestra historia<\/p>\t\t\t\t\t\t\t\t<\/div> \t\t\t\t<div class=\"elementor-element elementor-element-5daa4acf elementor-widget elementor-widget-heading\" data-id=\"5daa4acf\" data-element_type=\"widget\" data-e-type=\"widget\" data-widget_type=\"heading.default\"> \t\t\t\t\t<h1 class=\"elementor-heading-title elementor-size-default\">Sobre nosotros<\/h1>\t\t\t\t<\/div> \t\t\t\t\t<\/div> \t\t<\/div> \t\t\t\t\t<\/div> \t\t<\/section> \t\t\t\t<section class=\"elementor-section elementor-top-section elementor-element elementor-element-108d2747 elementor-section-boxed elementor-section-height-default elementor-section-height-default\" data-id=\"108d2747\" data-element_type=\"section\" data-e-type=\"section\"> \t\t\t\t\t\t<div class=\"elementor-container elementor-column-gap-default\"> \t\t\t\t\t<div class=\"elementor-column elementor-col-50 elementor-top-column elementor-element elementor-element-73f84b05\" data-id=\"73f84b05\" data-element_type=\"column\" data-e-type=\"column\"> \t\t\t<div class=\"elementor-widget-wrap elementor-element-populated\"> \t\t\t\t\t\t<div class=\"elementor-element elementor-element-3ac40901 elementor-widget elementor-widget-heading\" data-id=\"3ac40901\" data-element_type=\"widget\" data-e-type=\"widget\" data-widget_type=\"heading.default\"> \t\t\t\t\t<h2 class=\"elementor-heading-title elementor-size-default\">Maquinaria Taizy<\/h2>\t\t\t\t<\/div> \t\t\t\t\t<\/div> \t\t<\/div> \t\t\t\t<div class=\"elementor-column elementor-col-50 elementor-top-column elementor-element elementor-element-23274ec6\" data-id=\"23274ec6\" data-element_type=\"column\" data-e-type=\"column\"> \t\t\t<div class=\"elementor-widget-wrap elementor-element-populated\"> \t\t\t\t\t\t<div class=\"elementor-element elementor-element-22a2f452 elementor-widget elementor-widget-text-editor\" data-id=\"22a2f452\" data-element_type=\"widget\" data-e-type=\"widget\" data-widget_type=\"text-editor.default\"> \t\t\t\t\t\t\t\t\t<p>La calidad del producto es la vida de una empresa. A lo largo de los a\u00f1os, la empresa de maquinaria Taizy ha controlado estrictamente la calidad de los productos y los niveles de habilidad de los empleados, no solo fabricando muchas m\u00e1quinas de alta calidad, sino tambi\u00e9n creando un equipo profesional de investigaci\u00f3n y desarrollo de producci\u00f3n.<\/p><p>El progreso t\u00e9cnico es la piedra angular del desarrollo de la empresa. Nuestra empresa tiene una gran fuerza t\u00e9cnica, mejora continua de los procesos de fabricaci\u00f3n y equipos industriales, instituciones de prueba perfectas y estrictos sistemas de gesti\u00f3n de calidad e intercambios de tecnolog\u00eda con empresas de los Estados Unidos, Italia, B\u00e9lgica y otros pa\u00edses, la introducci\u00f3n de tecnolog\u00eda avanzada internacional. La fabricaci\u00f3n de productos como hornos el\u00e9ctricos para alimentos y hornos a gas ha mejorado constantemente la calidad y la reputaci\u00f3n de su marca se ha mejorado continuamente, lo que ha ganado elogios de los clientes.<\/p><p>\u00a1La misi\u00f3n de nuestra empresa es fabricar m\u00e1quinas chinas en todo el mundo! Insistimos en brindar a los clientes las m\u00e1quinas m\u00e1s adecuadas y precios competitivos, y brindarles servicios completos en exportaciones de comercio exterior, para que usted pueda ahorrar preocupaciones y esfuerzos, pueda comprar la m\u00e1quina ideal sin salir de casa.<\/p>\t\t\t\t\t\t\t\t<\/div> \t\t\t\t\t<\/div> \t\t<\/div> \t\t\t\t\t<\/div> \t\t<\/section> \t\t\t\t<section class=\"elementor-section elementor-top-section elementor-element elementor-element-d9dd8a9 elementor-section-boxed elementor-section-height-default elementor-section-height-default\" data-id=\"d9dd8a9\" data-element_type=\"section\" data-e-type=\"section\"> \t\t\t\t\t\t<div class=\"elementor-container elementor-column-gap-default\"> \t\t\t\t\t<div class=\"elementor-column elementor-col-100 elementor-top-column elementor-element elementor-element-7a6b084\" data-id=\"7a6b084\" data-element_type=\"column\" data-e-type=\"column\"> \t\t\t<div class=\"elementor-widget-wrap elementor-element-populated\"> \t\t\t\t\t\t<div class=\"elementor-element elementor-element-be2da83 elementor-widget elementor-widget-heading\" data-id=\"be2da83\" data-element_type=\"widget\" data-e-type=\"widget\" data-widget_type=\"heading.default\"> \t\t\t\t\t<h1 class=\"elementor-heading-title elementor-size-default\">Nuestro servicio<\/h1>\t\t\t\t<\/div> \t\t\t\t<div class=\"elementor-element elementor-element-ad5291f elementor-widget-divider--view-line elementor-widget elementor-widget-divider\" data-id=\"ad5291f\" data-element_type=\"widget\" data-e-type=\"widget\" data-widget_type=\"divider.default\"> \t\t\t\t\t\t\t<div class=\"elementor-divider\"> \t\t\t<span class=\"elementor-divider-separator\"> \t\t\t\t\t\t<\/span> \t\t<\/div> \t\t\t\t\t\t<\/div> \t\t\t\t\t<\/div> \t\t<\/div> \t\t\t\t\t<\/div> \t\t<\/section> \t\t\t\t<section class=\"elementor-section elementor-top-section elementor-element elementor-element-df5611d elementor-section-boxed elementor-section-height-default elementor-section-height-default\" data-id=\"df5611d\" data-element_type=\"section\" data-e-type=\"section\"> \t\t\t\t\t\t<div class=\"elementor-container elementor-column-gap-default\"> \t\t\t\t\t<div class=\"elementor-column elementor-col-100 elementor-top-column elementor-element elementor-element-48fef42\" data-id=\"48fef42\" data-element_type=\"column\" data-e-type=\"column\"> \t\t\t<div class=\"elementor-widget-wrap elementor-element-populated\"> \t\t\t\t\t\t<div class=\"elementor-element elementor-element-346c295 elementor-tabs-view-vertical elementor-widget elementor-widget-tabs\" data-id=\"346c295\" data-element_type=\"widget\" data-e-type=\"widget\" data-widget_type=\"tabs.default\"> \t\t\t\t\t\t\t<div class=\"elementor-tabs\"> \t\t\t<div class=\"elementor-tabs-wrapper\" role=\"tablist\" > \t\t\t\t\t\t\t\t\t<div id=\"elementor-tab-title-5491\" class=\"elementor-tab-title elementor-tab-desktop-title\" aria-selected=\"true\" data-tab=\"1\" role=\"tab\" tabindex=\"0\" aria-controls=\"elementor-tab-content-5491\" aria-expanded=\"false\">Preventa<\/div> \t\t\t\t\t\t\t\t\t<div id=\"elementor-tab-title-5492\" class=\"elementor-tab-title elementor-tab-desktop-title\" aria-selected=\"false\" data-tab=\"2\" role=\"tab\" tabindex=\"-1\" aria-controls=\"elementor-tab-content-5492\" aria-expanded=\"false\">Venta<\/div> \t\t\t\t\t\t\t\t\t<div id=\"elementor-tab-title-5493\" class=\"elementor-tab-title elementor-tab-desktop-title\" aria-selected=\"false\" data-tab=\"3\" role=\"tab\" tabindex=\"-1\" aria-controls=\"elementor-tab-content-5493\" aria-expanded=\"false\">Postventa<\/div> \t\t\t\t\t\t\t<\/div> \t\t\t<div class=\"elementor-tabs-content-wrapper\" role=\"tablist\" aria-orientation=\"vertical\"> \t\t\t\t\t\t\t\t\t<div class=\"elementor-tab-title elementor-tab-mobile-title\" aria-selected=\"true\" data-tab=\"1\" role=\"tab\" tabindex=\"0\" aria-controls=\"elementor-tab-content-5491\" aria-expanded=\"false\">Preventa<\/div> \t\t\t\t\t<div id=\"elementor-tab-content-5491\" class=\"elementor-tab-content elementor-clearfix\" data-tab=\"1\" role=\"tabpanel\" aria-labelledby=\"elementor-tab-title-5491\" tabindex=\"0\" hidden=\"false\"><ol><li>Haremos una investigaci\u00f3n sencilla sobre su situaci\u00f3n. Este paso es muy importante para que nos conozcamos mejor. Despu\u00e9s de esto, podremos conocer sus demandas espec\u00edficas de fabricaci\u00f3n de galletas, la situaci\u00f3n de construcci\u00f3n de su planta y su presupuesto. Todo esto nos resultar\u00e1 \u00fatil para recomendarle una m\u00e1quina adecuada.<\/li><li>Le proporcionaremos una cotizaci\u00f3n elegante. Como la l\u00ednea de producci\u00f3n de galletas consta de muchas m\u00e1quinas, es posible que se sienta confundido acerca de las especificaciones y el precio de cada m\u00e1quina. No se preocupe, los enumeraremos todos en detalle y nos aseguraremos de que pueda obtener f\u00e1cilmente la informaci\u00f3n m\u00e1s \u00fatil.<\/li><li>Le ofreceremos un completo dise\u00f1o exclusivo para su planta. El presupuesto y la superficie de planta de cada cliente son todos diferentes. Dise\u00f1aremos de forma \u00fanica la ubicaci\u00f3n, ubicaci\u00f3n, largo, ancho y alto de la m\u00e1quina de acuerdo con el dise\u00f1o de su planta existente para garantizar que ahorre espacio y costos.<\/li><\/ol><\/div> \t\t\t\t\t\t\t\t\t<div class=\"elementor-tab-title elementor-tab-mobile-title\" aria-selected=\"false\" data-tab=\"2\" role=\"tab\" tabindex=\"-1\" aria-controls=\"elementor-tab-content-5492\" aria-expanded=\"false\">Venta<\/div> \t\t\t\t\t<div id=\"elementor-tab-content-5492\" class=\"elementor-tab-content elementor-clearfix\" data-tab=\"2\" role=\"tabpanel\" aria-labelledby=\"elementor-tab-title-5492\" tabindex=\"0\" hidden=\"hidden\"><ol><li>Podemos ofrecerle un precio competitivo. Ahora la competencia en el mercado de maquinaria alimentaria es cada vez m\u00e1s feroz. Muchos fabricantes tambi\u00e9n hacen que el grosor del fuselaje sea cada vez m\u00e1s delgado, al tiempo que garantizan el efecto de la m\u00e1quina. Entonces, cuando cree que puede comprar una buena m\u00e1quina a bajo precio, la vida \u00fatil de su m\u00e1quina se ha reducido considerablemente. Nuestra empresa promete que, aunque es posible que no podamos ofrecer el precio m\u00e1s barato, podemos ofrecer la m\u00e1quina m\u00e1s consciente. Al mismo tiempo, le ofreceremos un precio competitivo para garantizar que nuestras m\u00e1quinas puedan brindarle beneficios econ\u00f3micos satisfactorios.<\/li><li>Ofrecemos m\u00e9todos de pago seguros y convenientes. Podemos aceptar Trade Assurance, T\/T, Money Gram, L\/C, Pay Pal, Western Union, efectivo, etc., puede elegir el plazo de pago que m\u00e1s le convenga.<\/li><\/ol><\/div> \t\t\t\t\t\t\t\t\t<div class=\"elementor-tab-title elementor-tab-mobile-title\" aria-selected=\"false\" data-tab=\"3\" role=\"tab\" tabindex=\"-1\" aria-controls=\"elementor-tab-content-5493\" aria-expanded=\"false\">Postventa<\/div> \t\t\t\t\t<div id=\"elementor-tab-content-5493\" class=\"elementor-tab-content elementor-clearfix\" data-tab=\"3\" role=\"tabpanel\" aria-labelledby=\"elementor-tab-title-5493\" tabindex=\"0\" hidden=\"hidden\"><ol><li>Le informaremos el progreso log\u00edstico de sus productos a tiempo. No importa si se trata de env\u00edo por mar u otros m\u00e9todos de transporte, nos mantendremos al tanto de la situaci\u00f3n log\u00edstica, le informaremos las tendencias log\u00edsticas a tiempo y le notificaremos de inmediato sobre los documentos y certificados necesarios para la recolecci\u00f3n.<\/li><li>Brindamos servicio de instalaci\u00f3n en sitio. No necesita preocuparse por los problemas de instalaci\u00f3n. Podemos enviar un ingeniero profesional a su lugar local y proporcionarle instrucciones de instalaci\u00f3n y uso.<\/li><li>Si no necesita un servicio de instalaci\u00f3n en el sitio, tambi\u00e9n podemos brindarle orientaci\u00f3n en video en l\u00ednea. Nos comprometemos a ayudarle a utilizar bien la m\u00e1quina despu\u00e9s de comprarla.<\/li><li>Si est\u00e1 utilizando la m\u00e1quina y algunas de las piezas de desgaste de la m\u00e1quina han fallado por razones no humanas, podemos proporcionarle accesorios gratuitos.<\/li><\/ol><\/div> \t\t\t\t\t\t\t<\/div> \t\t<\/div> \t\t\t\t\t\t<\/div> \t\t\t\t<div class=\"elementor-element elementor-element-1ca97d1 elementor-widget elementor-widget-spacer\" data-id=\"1ca97d1\" data-element_type=\"widget\" data-e-type=\"widget\" data-widget_type=\"spacer.default\"> \t\t\t\t\t\t\t<div class=\"elementor-spacer\"> \t\t\t<div class=\"elementor-spacer-inner\"><\/div> \t\t<\/div> \t\t\t\t\t\t<\/div> \t\t\t\t\t<\/div> \t\t<\/div> \t\t\t\t\t<\/div> \t\t<\/section> \t\t\t\t<section class=\"elementor-section elementor-top-section elementor-element elementor-element-3e716fd5 elementor-section-height-min-height elementor-section-boxed elementor-section-height-default elementor-section-items-middle\" data-id=\"3e716fd5\" data-element_type=\"section\" data-e-type=\"section\" data-settings=\"{&quot;background_background&quot;:&quot;classic&quot;}\"> \t\t\t\t\t\t\t<div class=\"elementor-background-overlay\"><\/div> \t\t\t\t\t\t\t<div class=\"elementor-container elementor-column-gap-default\"> \t\t\t\t\t<div class=\"elementor-column elementor-col-100 elementor-top-column elementor-element elementor-element-5c22efcb\" data-id=\"5c22efcb\" data-element_type=\"column\" data-e-type=\"column\"> \t\t\t<div class=\"elementor-widget-wrap elementor-element-populated\"> \t\t\t\t\t\t<div class=\"elementor-element elementor-element-7fb3d430 elementor-widget elementor-widget-heading\" data-id=\"7fb3d430\" data-element_type=\"widget\" data-e-type=\"widget\" data-widget_type=\"heading.default\"> \t\t\t\t\t<h2 class=\"elementor-heading-title elementor-size-default\">Te ayudaremos en cada paso del camino<\/h2>\t\t\t\t<\/div> \t\t\t\t<div class=\"elementor-element elementor-element-22f58ef6 elementor-align-center elementor-widget elementor-widget-button\" data-id=\"22f58ef6\" data-element_type=\"widget\" data-e-type=\"widget\" data-widget_type=\"button.default\"> \t\t\t\t\t\t\t\t\t\t<a class=\"elementor-button elementor-button-link elementor-size-md\" href=\"#elementor-action%3Aaction%3Dpopup%3Aopen%26settings%3DeyJpZCI6IjExOSIsInRvZ2dsZSI6ZmFsc2V9\"> \t\t\t\t\t\t<span class=\"elementor-button-content-wrapper\"> \t\t\t\t\t\t<span class=\"elementor-button-icon\"> \t\t\t\t<svg aria-hidden=\"true\" class=\"e-font-icon-svg e-fas-long-arrow-alt-right\" viewbox=\"0 0 448 512\" xmlns=\"http:\/\/www.w3.org\/2000\/svg\"><path d=\"M313.941 216H12c-6.627 0-12 5.373-12 12v56c0 6.627 5.373 12 12 12h301.941v46.059c0 21.382 25.851 32.09 40.971 16.971l86.059-86.059c9.373-9.373 9.373-24.569 0-33.941l-86.059-86.059c-15.119-15.119-40.971-4.411-40.971 16.971V216z\"><\/path><\/svg>\t\t\t<\/span> \t\t\t\t\t\t\t\t\t<span class=\"elementor-button-text\">Cont\u00e1ctenos<\/span> \t\t\t\t\t<\/span> \t\t\t\t\t<\/a> \t\t\t\t\t\t\t\t<\/div> \t\t\t\t\t<\/div> \t\t<\/div> \t\t\t\t\t<\/div> \t\t<\/section> \t\t\t\t<\/div>","protected":false},"excerpt":{"rendered":"<p>learn about our history About Us Taizy Machinery Product quality is the life of an enterprise. Over the years, Taizy machinery company has strictly controlled the quality of products and the construction of employees&#8217; skill levels, not only manufacturing many high-quality machines, but also creating a professional production research and development team. Technical progress is [&hellip;]<\/p>\n","protected":false},"author":1,"featured_media":0,"parent":0,"menu_order":0,"comment_status":"closed","ping_status":"closed","template":"","meta":{"footnotes":""},"class_list":["post-8","page","type-page","status-publish","hentry"],"_links":{"self":[{"href":"https:\/\/biscuit-maker.com\/es\/wp-json\/wp\/v2\/pages\/8","targetHints":{"allow":["GET"]}}],"collection":[{"href":"https:\/\/biscuit-maker.com\/es\/wp-json\/wp\/v2\/pages"}],"about":[{"href":"https:\/\/biscuit-maker.com\/es\/wp-json\/wp\/v2\/types\/page"}],"author":[{"embeddable":true,"href":"https:\/\/biscuit-maker.com\/es\/wp-json\/wp\/v2\/users\/1"}],"replies":[{"embeddable":true,"href":"https:\/\/biscuit-maker.com\/es\/wp-json\/wp\/v2\/comments?post=8"}],"version-history":[{"count":0,"href":"https:\/\/biscuit-maker.com\/es\/wp-json\/wp\/v2\/pages\/8\/revisions"}],"wp:attachment":[{"href":"https:\/\/biscuit-maker.com\/es\/wp-json\/wp\/v2\/media?parent=8"}],"curies":[{"name":"wp","href":"https:\/\/api.w.org\/{rel}","templated":true}]}}